{"id":1407,"date":"2019-11-19T17:39:51","date_gmt":"2019-11-19T17:39:51","guid":{"rendered":"https:\/\/moldan.md\/?page_id=1407"},"modified":"2021-09-02T10:35:33","modified_gmt":"2021-09-02T08:35:33","slug":"noutati","status":"publish","type":"page","link":"https:\/\/moldan.md\/ro\/noutati\/","title":{"rendered":"Nout\u0103\u021bi"},"content":{"rendered":"<div class=\"wpb-content-wrapper\"><p>[vc_row][vc_column]<div class=\"porto-blog wpb_content_element   wpb_custom_9c745ac33a8bb4820cfc6b89805915cc porto-blog-e0b603537120859819a60b8e18355fe8\">\r\n\t\t<div class=\"blog-posts posts-medium\">\r\n\r\n\t\t\r\n<article id=\"post-706\" class=\"post post-medium post-706 post type-post status-publish format-standard has-post-thumbnail hentry category-noutati\">\r\n\t<!-- Post meta before content -->\r\n\t\t<div class=\"row\">\r\n\t\t\t<div class=\"col-lg-5\">\r\n\t\t\t\t<div class=\"post-image single\">\r\n\t\t<div class=\"post-slideshow porto-carousel owl-carousel has-ccols ccols-1  nav-inside nav-inside-center nav-style-2 show-nav-hover\" data-plugin-options='{\"nav\":true}'>\r\n\t\t\t\t\t\t\t\t\t\t\t<a href=\"https:\/\/moldan.md\/ro\/despre-companie-si-proiectele-programului-de-investitie\/\" aria-label=\"post image\">\r\n\t\t\t\t\t\t\t\t<div class=\"img-thumbnail\">\r\n\t\t\t\t\t\t<img decoding=\"async\" width=\"463\" height=\"348\" src=\"https:\/\/moldan.md\/wp-content\/uploads\/2019\/11\/DSC_4572-e1573738793762-463x348.jpg\" class=\"owl-lazy img-responsive\" alt=\"\" srcset=\"https:\/\/moldan.md\/wp-content\/uploads\/2019\/11\/DSC_4572-e1573738793762-463x348.jpg 463w, https:\/\/moldan.md\/wp-content\/uploads\/2019\/11\/DSC_4572-e1573738793762-400x300.jpg 400w\" sizes=\"(max-width: 463px) 100vw, 463px\" \/>\t\t\t\t\t\t\t\t\t\t\t\t\t<span class=\"zoom\" data-src=\"https:\/\/moldan.md\/wp-content\/uploads\/2019\/11\/DSC_4572-e1573738793762.jpg\" data-title=\"\"><i class=\"fas fa-search\"><\/i><\/span>\r\n\t\t\t\t\t\t\t\t\t\t\t<\/div>\r\n\t\t\t\t\t\t\t\t<\/a>\r\n\t\t\t\t\t\t\t\t<\/div>\r\n\t\t\r\n\t\t\t<\/div>\r\n\t\t\t<\/div>\r\n\t\t<div class=\"col-lg-7\">\r\n\t\r\n\t\t\t<div class=\"post-content\">\r\n\r\n\t\t\t\t\r\n\t\t\t\t<h2 class=\"entry-title\"><a href=\"https:\/\/moldan.md\/ro\/despre-companie-si-proiectele-programului-de-investitie\/\">DESPRE COMPANIE \u0218I PROGRAMUL DE INVESTI\u021aIE<\/a><\/h2>\r\n\r\n\t\t\t\t<span class=\"vcard\" style=\"display: none;\"><span class=\"fn\"><a href=\"https:\/\/moldan.md\/ro\/author\/aldrupirlea_dev\/\" title=\"Articole de aldrupirlea_dev\" rel=\"author\">aldrupirlea_dev<\/a><\/span><\/span><span class=\"updated\" style=\"display:none\">2021-09-02T10:59:15+03:00<\/span><p class=\"post-excerpt\">Societatea \u201cMolDan Holding\u201d ofer\u0103 institu\u021biilor medicale publice \u0219i private din R.Moldova un Program de asamblare \u0219i loca\u021biune a Centrelor IRM, pe baz\u0103 de construc\u021bii modulare moderne cu sisteme IRM noi \u0219i renovate, cu asigurarea asisten\u021bei tehnice \u0219i deservirea sistemelor IRM din contul companiei. Aceasta va permite institu\u021biilor medicale, s\u0103 economiseasc\u0103 surse financiare esen\u021biale, care la r\u00e2ndul lor, pot fi reinvestite...<\/p>\r\n\t\t\t<\/div>\r\n\t\t<\/div>\r\n\t<\/div>\r\n\r\n\t<!-- Post meta after content -->\r\n\t<div class=\"post-meta \"><span class=\"meta-date\"><i class=\"far fa-calendar-alt\"><\/i>07\/11\/2019<\/span><span class=\"d-block float-sm-end mt-3 mt-sm-0\"><a class=\"btn btn-xs btn-default text-xs text-uppercase\" href=\"https:\/\/moldan.md\/ro\/despre-companie-si-proiectele-programului-de-investitie\/\">cite\u0219te mai mult...<\/a><\/span><\/div>\r\n<\/article>\r\n\r\n<article id=\"post-710\" class=\"post post-medium post-710 post type-post status-publish format-standard has-post-thumbnail hentry category-noutati\">\r\n\t<!-- Post meta before content -->\r\n\t\t<div class=\"row\">\r\n\t\t\t<div class=\"col-lg-5\">\r\n\t\t\t\t<div class=\"post-image single\">\r\n\t\t<div class=\"post-slideshow porto-carousel owl-carousel has-ccols ccols-1  nav-inside nav-inside-center nav-style-2 show-nav-hover\" data-plugin-options='{\"nav\":true}'>\r\n\t\t\t\t\t\t\t\t\t\t\t<a href=\"https:\/\/moldan.md\/ro\/investitia-privata-din-sua-in-medicina-din-r-moldova\/\" aria-label=\"post image\">\r\n\t\t\t\t\t\t\t\t<div class=\"img-thumbnail\">\r\n\t\t\t\t\t\t<img decoding=\"async\" width=\"463\" height=\"348\" src=\"https:\/\/moldan.md\/wp-content\/uploads\/2019\/11\/29-463x348.jpg\" class=\"owl-lazy img-responsive\" alt=\"\" srcset=\"https:\/\/moldan.md\/wp-content\/uploads\/2019\/11\/29-463x348.jpg 463w, https:\/\/moldan.md\/wp-content\/uploads\/2019\/11\/29-400x300.jpg 400w\" sizes=\"(max-width: 463px) 100vw, 463px\" \/>\t\t\t\t\t\t\t\t\t\t\t\t\t<span class=\"zoom\" data-src=\"https:\/\/moldan.md\/wp-content\/uploads\/2019\/11\/29.jpg\" data-title=\"\"><i class=\"fas fa-search\"><\/i><\/span>\r\n\t\t\t\t\t\t\t\t\t\t\t<\/div>\r\n\t\t\t\t\t\t\t\t<\/a>\r\n\t\t\t\t\t\t\t\t<\/div>\r\n\t\t\r\n\t\t\t<\/div>\r\n\t\t\t<\/div>\r\n\t\t<div class=\"col-lg-7\">\r\n\t\r\n\t\t\t<div class=\"post-content\">\r\n\r\n\t\t\t\t\r\n\t\t\t\t<h2 class=\"entry-title\"><a href=\"https:\/\/moldan.md\/ro\/investitia-privata-din-sua-in-medicina-din-r-moldova\/\">INVESTI\u021aIA PRIVAT\u0102 DIN SUA \u00ceN MEDICINA DIN R. MOLDOVA<\/a><\/h2>\r\n\r\n\t\t\t\t<span class=\"vcard\" style=\"display: none;\"><span class=\"fn\"><a href=\"https:\/\/moldan.md\/ro\/author\/aldrupirlea_dev\/\" title=\"Articole de aldrupirlea_dev\" rel=\"author\">aldrupirlea_dev<\/a><\/span><\/span><span class=\"updated\" style=\"display:none\">2025-07-31T14:57:19+03:00<\/span><p class=\"post-excerpt\">[vc_row][vc_column][vc_column_text css=\"\" css_params=\"\"]Pia\u021ba privat\u0103 mondial\u0103 a IRM \u0219i CT, care a \u00eenregistrat o cre\u0219tere a interesului investitorilor la mijlocul anilor 2000, a \u00eencetinit \u00een ultimii 3 ani. \u00cens\u0103 cererea pentru un diagnostic modern prin IRM \u0219i CT \u00een R. Moldova r\u0103m\u00e2ne \u00een cre\u0219tere \u00een compara\u021bie cu pia\u021ba medical\u0103 din Europa \u0219i SUA, \u00een ceea ce prive\u0219te raportul dintre num\u0103rul unit\u0103\u021bilor...<\/p>\r\n\t\t\t<\/div>\r\n\t\t<\/div>\r\n\t<\/div>\r\n\r\n\t<!-- Post meta after content -->\r\n\t<div class=\"post-meta \"><span class=\"meta-date\"><i class=\"far fa-calendar-alt\"><\/i>30\/09\/2019<\/span><span class=\"d-block float-sm-end mt-3 mt-sm-0\"><a class=\"btn btn-xs btn-default text-xs text-uppercase\" href=\"https:\/\/moldan.md\/ro\/investitia-privata-din-sua-in-medicina-din-r-moldova\/\">cite\u0219te mai mult...<\/a><\/span><\/div>\r\n<\/article>\r\n\r\n<article id=\"post-2648\" class=\"post post-medium post-2648 post type-post status-publish format-standard has-post-thumbnail hentry category-noutati\">\r\n\t<!-- Post meta before content -->\r\n\t\t<div class=\"row\">\r\n\t\t\t<div class=\"col-lg-5\">\r\n\t\t\t\t<div class=\"post-image single\">\r\n\t\t<div class=\"post-slideshow porto-carousel owl-carousel has-ccols ccols-1  nav-inside nav-inside-center nav-style-2 show-nav-hover\" data-plugin-options='{\"nav\":true}'>\r\n\t\t\t\t\t\t\t\t\t\t\t<a href=\"https:\/\/moldan.md\/ro\/igor-dodon-a-participat-la-inaugurarea-centrului-diagnostic-de-rezonanta-magnetica-nucleara-din-chisinau\/\" aria-label=\"post image\">\r\n\t\t\t\t\t\t\t\t<div class=\"img-thumbnail\">\r\n\t\t\t\t\t\t<img decoding=\"async\" width=\"463\" height=\"348\" src=\"https:\/\/moldan.md\/wp-content\/uploads\/2020\/04\/4-463x348.jpg\" class=\"owl-lazy img-responsive\" alt=\"\" srcset=\"https:\/\/moldan.md\/wp-content\/uploads\/2020\/04\/4-463x348.jpg 463w, https:\/\/moldan.md\/wp-content\/uploads\/2020\/04\/4-400x300.jpg 400w\" sizes=\"(max-width: 463px) 100vw, 463px\" \/>\t\t\t\t\t\t\t\t\t\t\t\t\t<span class=\"zoom\" data-src=\"https:\/\/moldan.md\/wp-content\/uploads\/2020\/04\/4.jpg\" data-title=\"\"><i class=\"fas fa-search\"><\/i><\/span>\r\n\t\t\t\t\t\t\t\t\t\t\t<\/div>\r\n\t\t\t\t\t\t\t\t<\/a>\r\n\t\t\t\t\t\t\t\t<\/div>\r\n\t\t\r\n\t\t\t<\/div>\r\n\t\t\t<\/div>\r\n\t\t<div class=\"col-lg-7\">\r\n\t\r\n\t\t\t<div class=\"post-content\">\r\n\r\n\t\t\t\t\r\n\t\t\t\t<h2 class=\"entry-title\"><a href=\"https:\/\/moldan.md\/ro\/igor-dodon-a-participat-la-inaugurarea-centrului-diagnostic-de-rezonanta-magnetica-nucleara-din-chisinau\/\">IGOR DODON A PARTICIPAT LA INAUGURAREA CENTRULUI DIAGNOSTIC DE REZONAN\u021a\u0102 MAGNETIC\u0102 NUCLEAR\u0102 DIN CHI\u0218IN\u0102U<\/a><\/h2>\r\n\r\n\t\t\t\t<span class=\"vcard\" style=\"display: none;\"><span class=\"fn\"><a href=\"https:\/\/moldan.md\/ro\/author\/aldrupirlea_dev\/\" title=\"Articole de aldrupirlea_dev\" rel=\"author\">aldrupirlea_dev<\/a><\/span><\/span><span class=\"updated\" style=\"display:none\">2025-07-31T15:00:00+03:00<\/span><p class=\"post-excerpt\">[vc_row][vc_column][vc_column_text css=\"\" css_params=\"\"]Pre\u0219edintele Republicii Moldova, Igor Dodon, a participat la inaugurarea Centrului de Diagnostic de Rezonan\u021b\u0103 Magnetic\u0103 Nuclear\u0103 din cadrul IMSP Institutul de Neurologie \u0219i Neurochirurgie \u201dDiomid Gherman\u201d din Chi\u0219in\u0103u. La eveniment a fost prezent \u0219i Dereck J. Hogan, ambasadorul SUA \u00een Republica Moldova.\r\n\r\nCentrul de Imagistic\u0103 prin Rezonan\u021b\u0103 Magnetic\u0103 a fost creat la ini\u021biativa \u0219i cu suportul financiar oferit de...<\/p>\r\n\t\t\t<\/div>\r\n\t\t<\/div>\r\n\t<\/div>\r\n\r\n\t<!-- Post meta after content -->\r\n\t<div class=\"post-meta \"><span class=\"meta-date\"><i class=\"far fa-calendar-alt\"><\/i>29\/09\/2019<\/span><span class=\"d-block float-sm-end mt-3 mt-sm-0\"><a class=\"btn btn-xs btn-default text-xs text-uppercase\" href=\"https:\/\/moldan.md\/ro\/igor-dodon-a-participat-la-inaugurarea-centrului-diagnostic-de-rezonanta-magnetica-nucleara-din-chisinau\/\">cite\u0219te mai mult...<\/a><\/span><\/div>\r\n<\/article>\r\n\r\n\t\r\n\t\t<\/div>\r\n\r\n\t\r\n\t\t\t\t\t\t<div class=\"clearfix\"><\/div>\r\n\t\t\t<div class=\"pagination-wrap\">\r\n\t\t\t\t\t\t\t\t<div class=\"pagination\" role=\"navigation\">\r\n\t\t\t\t\t<span aria-current=\"page\" class=\"page-numbers current\">1<\/span><a class=\"page-numbers\" href=\"https:\/\/moldan.md\/ro\/wp-json\/wp\/v2\/pages\/1407\/page\/2\/\">2<\/a><a class=\"next page-numbers\" href=\"https:\/\/moldan.md\/ro\/wp-json\/wp\/v2\/pages\/1407\/page\/2\/\">Next&nbsp;&nbsp;<i class=\"fas fa-long-arrow-alt-right\"><\/i><\/a>\t\t\t\t<\/div>\r\n\t\t\t<\/div>\r\n\t\t\t\t\r\n\t<\/div>[\/vc_column][\/vc_row]<\/p>\n<\/div>","protected":false},"excerpt":{"rendered":"<p>[vc_row][vc_column][\/vc_column][\/vc_row]<\/p>\n","protected":false},"author":4,"featured_media":0,"parent":0,"menu_order":0,"comment_status":"closed","ping_status":"closed","template":"","meta":{"footnotes":""},"class_list":["post-1407","page","type-page","status-publish","hentry"],"_links":{"self":[{"href":"https:\/\/moldan.md\/ro\/wp-json\/wp\/v2\/pages\/1407","targetHints":{"allow":["GET"]}}],"collection":[{"href":"https:\/\/moldan.md\/ro\/wp-json\/wp\/v2\/pages"}],"about":[{"href":"https:\/\/moldan.md\/ro\/wp-json\/wp\/v2\/types\/page"}],"author":[{"embeddable":true,"href":"https:\/\/moldan.md\/ro\/wp-json\/wp\/v2\/users\/4"}],"replies":[{"embeddable":true,"href":"https:\/\/moldan.md\/ro\/wp-json\/wp\/v2\/comments?post=1407"}],"version-history":[{"count":0,"href":"https:\/\/moldan.md\/ro\/wp-json\/wp\/v2\/pages\/1407\/revisions"}],"wp:attachment":[{"href":"https:\/\/moldan.md\/ro\/wp-json\/wp\/v2\/media?parent=1407"}],"curies":[{"name":"wp","href":"https:\/\/api.w.org\/{rel}","templated":true}]}}