{"id":233,"date":"2019-10-04T13:30:54","date_gmt":"2019-10-04T13:30:54","guid":{"rendered":"https:\/\/moldan.md\/?page_id=233"},"modified":"2021-09-01T23:40:28","modified_gmt":"2021-09-01T21:40:28","slug":"servicii","status":"publish","type":"page","link":"https:\/\/moldan.md\/ro\/servicii\/","title":{"rendered":"Servicii"},"content":{"rendered":"<div class=\"wpb-content-wrapper\"><p>[vc_row][vc_column][vc_custom_heading text=&#8221;Servicii oferite de MolDan&#8221; use_theme_fonts=&#8221;yes&#8221; el_class=&#8221;m-b-xs&#8221;][vc_column_text el_class=&#8221;lead p-b-lg m-b-lg&#8221;]Compania ofer\u0103 \u00een loca\u021biune institu\u021biilor medicale de stat si celor private Centre Func\u021bionale de IRM, CT \u0219i X-Ray \u201ela cheie\u201d \u00een construc\u021bii modulare moderne.[\/vc_column_text][\/vc_column][\/vc_row][vc_row animation_type=&#8221;fadeInUp&#8221;][vc_column]<div class=\"porto-feature-box wpb_content_element \"><div class=\"feature-box feature-box-style-2\"><div class=\"feature-box-info p-none\">[vc_custom_heading text=&#8221;Centre Func\u021bionale IRM \u201ela cheie\u201d&#8221; font_container=&#8221;tag:h4|text_align:left&#8221; use_theme_fonts=&#8221;yes&#8221; el_class=&#8221;font-weight-semibold m-b-xs&#8221;][vc_column_text el_class=&#8221;m-b-sm&#8221;]<span style=\"font-size: 18px;\">Compania ofer\u0103 \u00een loca\u021biune institu\u021biilor medicale de stat si celor private, Centre func\u021bionale de Imagistic\u0103 prin Rezonan\u021b\u0103 Magnetic\u0103 (IRM) \u00een construc\u021bii modulare moderne \u201ela cheie\u201d.<\/span>[\/vc_column_text][vc_btn title=&#8221;Cite\u0219te mai mult&#8230;&#8221; style=&#8221;outline&#8221; shape=&#8221;round&#8221; size=&#8221;sm&#8221; skin=&#8221;quaternary&#8221; link=&#8221;url:https%3A%2F%2Fmoldan.md%2Fservicii%2Fcentre-functionale-de-imagistica-prin-rezonanta-magnetica-la-cheie%2F%3Flang%3Dro&#8221; el_class=&#8221;font-weight-bold text-uppercase m-b-none&#8221;]<\/div><\/div><\/div>[vc_separator color=&#8221;custom&#8221; style=&#8221;solid&#8221; el_class=&#8221;m-b-lg&#8221;][\/vc_column][\/vc_row][vc_row animation_type=&#8221;fadeInUp&#8221;][vc_column]<div class=\"porto-feature-box wpb_content_element \"><div class=\"feature-box feature-box-style-2\"><div class=\"feature-box-info p-none\">[vc_custom_heading text=&#8221;Centre Func\u021bionale CT \u201ela cheie\u201d&#8221; font_container=&#8221;tag:h4|text_align:left&#8221; use_theme_fonts=&#8221;yes&#8221; el_class=&#8221;font-weight-semibold m-b-xs&#8221;][vc_column_text el_class=&#8221;m-b-sm&#8221;]<span style=\"font-size: 18px;\">Compania ofer\u0103 \u00een loca\u021biune institu\u021biilor medicale de stat si celor private, Centre func\u021bionale de Imagistic\u0103 prin Tomografia Computerizata (CT) \u00een construc\u021bii modulare moderne \u201ela cheie\u201d.<\/span>[\/vc_column_text][vc_btn title=&#8221;Cite\u0219te mai mult&#8230;&#8221; style=&#8221;outline&#8221; shape=&#8221;round&#8221; size=&#8221;sm&#8221; skin=&#8221;quaternary&#8221; link=&#8221;url:https%3A%2F%2Fmoldan.md%2Fservicii%2Fcentre-functionale-de-imagistica-prin-tomografie-computerizata-la-cheie%2F%3Flang%3Dro&#8221; el_class=&#8221;font-weight-bold text-uppercase m-b-none&#8221;]<\/div><\/div><\/div>[vc_separator color=&#8221;custom&#8221; style=&#8221;solid&#8221; gap=&#8221;tall&#8221; el_class=&#8221;m-b-lg&#8221;][\/vc_column][\/vc_row][vc_row animation_type=&#8221;fadeInUp&#8221;][vc_column]<div class=\"porto-feature-box wpb_content_element \"><div class=\"feature-box feature-box-style-2\"><div class=\"feature-box-info p-none\">[vc_custom_heading text=&#8221;Centre Func\u021bionale X-Ray \u201ela cheie\u201d&#8221; font_container=&#8221;tag:h4|text_align:left&#8221; use_theme_fonts=&#8221;yes&#8221; el_class=&#8221;font-weight-semibold m-b-xs&#8221;][vc_column_text el_class=&#8221;m-b-sm&#8221;]<span style=\"font-size: 18px;\">Compania ofer\u0103 \u00een loca\u021biune institu\u021biilor medicale de stat si celor private, Centre func\u021bionale de Imagistica Radiologic\u0103 (X-Ray) \u00een construc\u021bii modulare moderne \u201ela cheie\u201d.<\/span>[\/vc_column_text][vc_btn title=&#8221;Cite\u0219te mai mult&#8230;&#8221; style=&#8221;outline&#8221; shape=&#8221;round&#8221; size=&#8221;sm&#8221; skin=&#8221;quaternary&#8221; link=&#8221;url:https%3A%2F%2Fmoldan.md%2Fservicii%2Fcentre-functionale-de-imagistica-prin-x-ray-la-cheie%2F%3Flang%3Dro&#8221; el_class=&#8221;font-weight-bold text-uppercase m-b-none&#8221;]<\/div><\/div><\/div>[vc_separator color=&#8221;custom&#8221; style=&#8221;solid&#8221; gap=&#8221;tall&#8221; el_class=&#8221;m-b-lg&#8221;][\/vc_column][\/vc_row]<\/p>\n<\/div>","protected":false},"excerpt":{"rendered":"<p>[vc_row][vc_column][vc_custom_heading text=&#8221;Servicii oferite de MolDan&#8221; use_theme_fonts=&#8221;yes&#8221; el_class=&#8221;m-b-xs&#8221;][vc_column_text el_class=&#8221;lead p-b-lg m-b-lg&#8221;]Compania ofer\u0103 \u00een loca\u021biune institu\u021biilor medicale de stat si celor private Centre Func\u021bionale de IRM, CT \u0219i X-Ray \u201ela cheie\u201d \u00een construc\u021bii modulare moderne.[\/vc_column_text][\/vc_column][\/vc_row][vc_row animation_type=&#8221;fadeInUp&#8221;][vc_column][vc_separator color=&#8221;custom&#8221; style=&#8221;solid&#8221; el_class=&#8221;m-b-lg&#8221;][\/vc_column][\/vc_row][vc_row animation_type=&#8221;fadeInUp&#8221;][vc_column][vc_separator color=&#8221;custom&#8221; style=&#8221;solid&#8221; gap=&#8221;tall&#8221; el_class=&#8221;m-b-lg&#8221;][\/vc_column][\/vc_row][vc_row animation_type=&#8221;fadeInUp&#8221;][vc_column][vc_separator color=&#8221;custom&#8221; style=&#8221;solid&#8221; gap=&#8221;tall&#8221; el_class=&#8221;m-b-lg&#8221;][\/vc_column][\/vc_row]<\/p>\n","protected":false},"author":4,"featured_media":0,"parent":0,"menu_order":0,"comment_status":"closed","ping_status":"closed","template":"","meta":{"footnotes":""},"class_list":["post-233","page","type-page","status-publish","hentry"],"_links":{"self":[{"href":"https:\/\/moldan.md\/ro\/wp-json\/wp\/v2\/pages\/233","targetHints":{"allow":["GET"]}}],"collection":[{"href":"https:\/\/moldan.md\/ro\/wp-json\/wp\/v2\/pages"}],"about":[{"href":"https:\/\/moldan.md\/ro\/wp-json\/wp\/v2\/types\/page"}],"author":[{"embeddable":true,"href":"https:\/\/moldan.md\/ro\/wp-json\/wp\/v2\/users\/4"}],"replies":[{"embeddable":true,"href":"https:\/\/moldan.md\/ro\/wp-json\/wp\/v2\/comments?post=233"}],"version-history":[{"count":0,"href":"https:\/\/moldan.md\/ro\/wp-json\/wp\/v2\/pages\/233\/revisions"}],"wp:attachment":[{"href":"https:\/\/moldan.md\/ro\/wp-json\/wp\/v2\/media?parent=233"}],"curies":[{"name":"wp","href":"https:\/\/api.w.org\/{rel}","templated":true}]}}