{"id":2686,"date":"2020-04-17T15:32:40","date_gmt":"2020-04-17T15:32:40","guid":{"rendered":"https:\/\/moldan.md\/?page_id=2686"},"modified":"2025-07-31T15:01:41","modified_gmt":"2025-07-31T12:01:41","slug":"cariere","status":"publish","type":"page","link":"https:\/\/moldan.md\/ro\/cariere\/","title":{"rendered":"Cariere"},"content":{"rendered":"<div class=\"wpb-content-wrapper\"><p>[vc_row][vc_column][vc_message icon_fontawesome=&#8221;fas fa-bullhorn&#8221;]<\/p>\n<p class=\"title\" style=\"font-size: 18px;\">Al\u0103tur\u0103-te echipei noastre!<\/p>\n<p>[\/vc_message][\/vc_column][\/vc_row][vc_row][vc_column width=&#8221;2\/3&#8243;][vc_custom_heading text=&#8221;Oportunitati de Cariere si Colaborari&#8221; google_fonts=&#8221;font_family:Tauri%3Aregular|font_style:400%20regular%3A400%3Anormal&#8221;][vc_column_text]<span style=\"font-weight: 400;\">Va prezent\u0103m mai jos oportunitatea de colaborare \u00een cadrul companiei noastre. Va invitam sa completati aplica\u021bia de mai jos \u00een cazul \u00een care aceasta oportunitate este de interes pentru dvs.<\/span>[\/vc_column_text][vc_message icon_fontawesome=&#8221;fas fa-chevron-right&#8221;]<\/p>\n<p class=\"title\" style=\"font-size: 18px;\"><span style=\"font-weight: 400;\">Doriti sa va alaturati echipei MolDan?<\/span><\/p>\n<p>[\/vc_message][vc_tta_accordion][vc_tta_section title=&#8221;Pozi\u021bii deschise&#8221; tab_id=&#8221;1587713540384-64cb571b-0e42&#8243;][vc_column_text css=&#8221;&#8221; css_params=&#8221;&#8221;]\u00cen acest moment, nu sunt posturi disponibile. Dac\u0103 vor ap\u0103rea, vom actualiza anun\u021bul.[\/vc_column_text][\/vc_tta_section][\/vc_tta_accordion][\/vc_column][vc_column width=&#8221;1\/3&#8243;][vc_custom_heading text=&#8221;Formular Aplicant&#8221; google_fonts=&#8221;font_family:Tauri%3Aregular|font_style:400%20regular%3A400%3Anormal&#8221;]\n<div class=\"wpcf7 no-js\" id=\"wpcf7-f2732-o1\" lang=\"ro-RO\" dir=\"ltr\" data-wpcf7-id=\"2732\">\n<div class=\"screen-reader-response\"><p role=\"status\" aria-live=\"polite\" aria-atomic=\"true\"><\/p> <ul><\/ul><\/div>\n<form action=\"\/ro\/wp-json\/wp\/v2\/pages\/2686#wpcf7-f2732-o1\" method=\"post\" class=\"wpcf7-form init\" aria-label=\"Formular de contact\" enctype=\"multipart\/form-data\" novalidate=\"novalidate\" data-status=\"init\">\n<fieldset class=\"hidden-fields-container\"><input type=\"hidden\" name=\"_wpcf7\" value=\"2732\" \/><input type=\"hidden\" name=\"_wpcf7_version\" value=\"6.1\" \/><input type=\"hidden\" name=\"_wpcf7_locale\" value=\"ro_RO\" \/><input type=\"hidden\" name=\"_wpcf7_unit_tag\" value=\"wpcf7-f2732-o1\" \/><input type=\"hidden\" name=\"_wpcf7_container_post\" value=\"0\" \/><input type=\"hidden\" name=\"_wpcf7_posted_data_hash\" value=\"\" \/>\n<\/fieldset>\n<label> Nume si prenume (camp obligatoriu)\n    <span class=\"wpcf7-form-control-wrap\" data-name=\"your-name\"><input size=\"40\" maxlength=\"400\" class=\"wpcf7-form-control wpcf7-text wpcf7-validates-as-required\" aria-required=\"true\" aria-invalid=\"false\" value=\"\" type=\"text\" name=\"your-name\" \/><\/span> <\/label>\n\n<label> Adresa E-mail (camp obligatoriu)\n    <span class=\"wpcf7-form-control-wrap\" data-name=\"your-email\"><input size=\"40\" maxlength=\"400\" class=\"wpcf7-form-control wpcf7-email wpcf7-validates-as-required wpcf7-text wpcf7-validates-as-email\" aria-required=\"true\" aria-invalid=\"false\" value=\"\" type=\"email\" name=\"your-email\" \/><\/span> <\/label>\n\n<label> Telefon (camp obligatoriu)\n    <span class=\"wpcf7-form-control-wrap\" data-name=\"your-phone\"><input size=\"40\" maxlength=\"400\" class=\"wpcf7-form-control wpcf7-tel wpcf7-validates-as-required wpcf7-text wpcf7-validates-as-tel\" aria-required=\"true\" aria-invalid=\"false\" value=\"\" type=\"tel\" name=\"your-phone\" \/><\/span> <\/label>\n\n<label> Subiect\n    <span class=\"wpcf7-form-control-wrap\" data-name=\"your-subject\"><input size=\"40\" maxlength=\"400\" class=\"wpcf7-form-control wpcf7-text\" aria-invalid=\"false\" value=\"\" type=\"text\" name=\"your-subject\" \/><\/span> <\/label>\n\n<label> Curriculum Vitae\n    <span class=\"wpcf7-form-control-wrap\" data-name=\"your-cv\"><input size=\"40\" class=\"wpcf7-form-control wpcf7-file\" accept=\"audio\/*,video\/*,image\/*\" aria-invalid=\"false\" type=\"file\" name=\"your-cv\" \/><\/span> <\/label>\n\n<input class=\"wpcf7-form-control wpcf7-submit has-spinner\" type=\"submit\" value=\"Trimite\" \/><div class=\"wpcf7-response-output\" aria-hidden=\"true\"><\/div>\n<\/form>\n<\/div>\n[\/vc_column][\/vc_row]<\/p>\n<\/div>","protected":false},"excerpt":{"rendered":"<p>[vc_row][vc_column][vc_message icon_fontawesome=&#8221;fas fa-bullhorn&#8221;] Al\u0103tur\u0103-te echipei noastre! [\/vc_message][\/vc_column][\/vc_row][vc_row][vc_column width=&#8221;2\/3&#8243;][vc_custom_heading text=&#8221;Oportunitati de Cariere si Colaborari&#8221; google_fonts=&#8221;font_family:Tauri%3Aregular|font_style:400%20regular%3A400%3Anormal&#8221;][vc_column_text]Va prezent\u0103m mai jos oportunitatea de colaborare \u00een cadrul companiei noastre. Va invitam sa completati aplica\u021bia de mai jos \u00een cazul \u00een care aceasta oportunitate este de interes pentru dvs.[\/vc_column_text][vc_message icon_fontawesome=&#8221;fas fa-chevron-right&#8221;] Doriti sa va alaturati echipei MolDan? [\/vc_message][vc_tta_accordion][vc_tta_section title=&#8221;Pozi\u021bii deschise&#8221; tab_id=&#8221;1587713540384-64cb571b-0e42&#8243;][vc_column_text [&hellip;]<\/p>\n","protected":false},"author":4,"featured_media":0,"parent":0,"menu_order":0,"comment_status":"closed","ping_status":"closed","template":"","meta":{"footnotes":""},"class_list":["post-2686","page","type-page","status-publish","hentry"],"_links":{"self":[{"href":"https:\/\/moldan.md\/ro\/wp-json\/wp\/v2\/pages\/2686","targetHints":{"allow":["GET"]}}],"collection":[{"href":"https:\/\/moldan.md\/ro\/wp-json\/wp\/v2\/pages"}],"about":[{"href":"https:\/\/moldan.md\/ro\/wp-json\/wp\/v2\/types\/page"}],"author":[{"embeddable":true,"href":"https:\/\/moldan.md\/ro\/wp-json\/wp\/v2\/users\/4"}],"replies":[{"embeddable":true,"href":"https:\/\/moldan.md\/ro\/wp-json\/wp\/v2\/comments?post=2686"}],"version-history":[{"count":1,"href":"https:\/\/moldan.md\/ro\/wp-json\/wp\/v2\/pages\/2686\/revisions"}],"predecessor-version":[{"id":3179,"href":"https:\/\/moldan.md\/ro\/wp-json\/wp\/v2\/pages\/2686\/revisions\/3179"}],"wp:attachment":[{"href":"https:\/\/moldan.md\/ro\/wp-json\/wp\/v2\/media?parent=2686"}],"curies":[{"name":"wp","href":"https:\/\/api.w.org\/{rel}","templated":true}]}}