{"id":2766,"date":"2020-05-06T02:12:28","date_gmt":"2020-05-06T02:12:28","guid":{"rendered":"https:\/\/moldan.md\/?page_id=2766"},"modified":"2021-08-03T10:44:10","modified_gmt":"2021-08-03T08:44:10","slug":"cataloage","status":"publish","type":"page","link":"https:\/\/moldan.md\/ro\/cataloage\/","title":{"rendered":"Cataloage"},"content":{"rendered":"<div class=\"wpb-content-wrapper\"><p>[vc_row][vc_column][vc_column_text]<span style=\"font-weight: 400; font-size: 18px;\">Stimate Doamne \u0219i Domni,<\/span><\/p>\n<p><span style=\"font-weight: 400; font-size: 18px;\">Suntem bucuro\u0219i sa Va prezentam cea de-a doua edi\u021bie a Catalogului Medicului.\u00a0<\/span><\/p>\n<p><span style=\"font-weight: 400; font-size: 18px;\">Compania noastra a fost \u00eefiintata in 1992 \u0219i to\u021bi ace\u0219ti ani am activat pe pia\u021ba tehnico-medicala din Republica Moldova, stabilind rela\u021bii bune cu produc\u0103torii de echipamente \u0219i materiale medicale din \u00eentreaga lume, precum \u0219i cu institu\u021biile medicale publice \u0219i private din R. Moldova.\u00a0<\/span><\/p>\n<p><span style=\"font-weight: 400; font-size: 18px;\">Catalogului Medicului a fost conceput pentru a Va facilita g\u0103sirea, selectarea si cumpararea materialelor de consum si echipamentelor medicale necesare.\u00a0<\/span><\/p>\n<p><span style=\"font-weight: 400; font-size: 18px;\">Sper ca prezenta edi\u021bie va fi de folos tuturor medicilor \u0219i specialistilor in domeniul tehnico-medical din fara noastra \u0219i de peste hotare.\u00a0<\/span><\/p>\n<p><span style=\"font-weight: 400; font-size: 18px;\">Tot pe pagina data, v\u0103 prezent\u0103m cataloage \u0219i buclete al companiilor produc\u0103toare, al c\u0103ror drept de distribuitori \u00eel de\u021binem pentru pia\u021ba din R. Moldova. Pentru comoditatea d-re, pute\u021bi face alegerea din Catalog \u0219i s\u0103 pl\u0103ti\u021bi direct de pe pagina Web prin sistemul PayPal sau cu orIce card bancar.\u00a0<\/span><\/p>\n<p><span style=\"font-weight: 400; font-size: 18px;\">V\u0103 mul\u021bumim \u0219i v\u0103 suntem la dispozitia Dumneavoastra 24\/7.<\/span>[\/vc_column_text][\/vc_column][\/vc_row][vc_row][vc_column width=&#8221;1\/3&#8243;][vc_cta h2=&#8221;Catalogul MEDICULUI&#8221; txt_align=&#8221;center&#8221; add_button=&#8221;bottom&#8221; btn_title=&#8221;Vezi catalog&#8221; btn_style=&#8221;flat&#8221; btn_color=&#8221;primary&#8221; btn_align=&#8221;center&#8221; btn_link=&#8221;url:https%3A%2F%2Fmoldan.md%2Fcatalogul-medicului%2F%3Flang%3Dro&#8221;]<a href=\"https:\/\/moldan.md\/catalogul-medicului\/?lang=ro\"><img decoding=\"async\" class=\"aligncenter wp-image-2718 size-medium\" src=\"https:\/\/moldan.md\/wp-content\/uploads\/2020\/04\/Catalogul-Medicului-2019-2020_InPixio-229x300.jpg\" alt=\"\" width=\"229\" height=\"300\" \/><\/a>[\/vc_cta][\/vc_column][vc_column width=&#8221;1\/3&#8243;][vc_cta h2=&#8221;Catalogul VAREX&#8221; txt_align=&#8221;center&#8221; add_button=&#8221;bottom&#8221; btn_title=&#8221;Vezi catalog&#8221; btn_style=&#8221;flat&#8221; btn_color=&#8221;primary&#8221; btn_align=&#8221;center&#8221; btn_link=&#8221;url:https%3A%2F%2Fmoldan.md%2Fcatalogul-varex%2F%3Flang%3Dro&#8221;]<a href=\"https:\/\/moldan.md\/catalogul-varex\/?lang=ro\"><img decoding=\"async\" class=\"aligncenter wp-image-2727 size-medium\" src=\"https:\/\/moldan.md\/wp-content\/uploads\/2020\/04\/Varex-1-229x300.jpg\" alt=\"\" width=\"229\" height=\"300\" \/><\/a>[\/vc_cta][\/vc_column][vc_column width=&#8221;1\/3&#8243;][vc_cta h2=&#8221;Catalogul ADANI&#8221; txt_align=&#8221;center&#8221; add_button=&#8221;bottom&#8221; btn_title=&#8221;Vezi catalog&#8221; btn_style=&#8221;flat&#8221; btn_color=&#8221;primary&#8221; btn_align=&#8221;center&#8221; btn_link=&#8221;url:https%3A%2F%2Fmoldan.md%2Fcatalogul-adani%2F%3Flang%3Dro&#8221;]<a href=\"https:\/\/moldan.md\/catalogul-adani\/?lang=ro\"><img decoding=\"async\" class=\"aligncenter wp-image-2724 size-medium\" src=\"https:\/\/moldan.md\/wp-content\/uploads\/2020\/04\/Adani_InPixio-229x300.jpg\" alt=\"\" width=\"229\" height=\"300\" \/><\/a>[\/vc_cta][\/vc_column][\/vc_row][vc_row][vc_column width=&#8221;1\/3&#8243;][vc_cta h2=&#8221;Catalogul DUNLEE&#8221; txt_align=&#8221;center&#8221; add_button=&#8221;bottom&#8221; btn_title=&#8221;Vezi catalog&#8221; btn_style=&#8221;flat&#8221; btn_color=&#8221;primary&#8221; btn_align=&#8221;center&#8221; btn_link=&#8221;url:https%3A%2F%2Fmoldan.md%2Fcatalogul-dunlee%2F%3Flang%3Dro&#8221;]<a href=\"https:\/\/moldan.md\/catalogul-dunlee\/?lang=ro\"><img decoding=\"async\" class=\"aligncenter wp-image-2721 size-medium\" src=\"https:\/\/moldan.md\/wp-content\/uploads\/2020\/04\/Dunlee_InPixio-229x300.jpg\" alt=\"\" width=\"229\" height=\"300\" \/><\/a>[\/vc_cta][\/vc_column][vc_column width=&#8221;1\/3&#8243;][vc_cta h2=&#8221;Catalogul INMATEC&#8221; txt_align=&#8221;center&#8221; add_button=&#8221;bottom&#8221; btn_title=&#8221;Vezi catalog&#8221; btn_style=&#8221;flat&#8221; btn_color=&#8221;primary&#8221; btn_align=&#8221;center&#8221; btn_link=&#8221;url:https%3A%2F%2Fmoldan.md%2Fcatalogul-inmatec%2F%3Flang%3Dro&#8221;]<a href=\"https:\/\/moldan.md\/catalogul-inmatec\/?lang=ro\"><img decoding=\"async\" class=\"aligncenter wp-image-2715 size-medium\" src=\"https:\/\/moldan.md\/wp-content\/uploads\/2020\/04\/INMATEC_InPixio-229x300.jpg\" alt=\"\" width=\"229\" height=\"300\" \/><\/a>[\/vc_cta][\/vc_column][vc_column width=&#8221;1\/3&#8243;][vc_cta h2=&#8221;Catalogul PRIMAX INT&#8221; txt_align=&#8221;center&#8221; add_button=&#8221;bottom&#8221; btn_title=&#8221;Vezi catalog&#8221; btn_style=&#8221;flat&#8221; btn_color=&#8221;primary&#8221; btn_align=&#8221;center&#8221; btn_link=&#8221;url:https%3A%2F%2Fmoldan.md%2Fcatalogul-primax%2F%3Flang%3Dro&#8221;]<a href=\"https:\/\/moldan.md\/catalogul-primax\/?lang=ro\"><img decoding=\"async\" class=\"aligncenter wp-image-2715 size-medium\" src=\"https:\/\/api.monosnap.com\/file\/download?id=550BwP0dwAYWKy3Nq1LL2U5siOwpUx\" alt=\"\" width=\"229\" height=\"300\" \/><\/a>[\/vc_cta][\/vc_column][\/vc_row][vc_row][vc_column width=&#8221;1\/3&#8243;][vc_cta h2=&#8221;Catalogul MinFound Medical Systems&#8221; txt_align=&#8221;center&#8221; add_button=&#8221;bottom&#8221; btn_title=&#8221;Vezi catalog&#8221; btn_style=&#8221;flat&#8221; btn_color=&#8221;primary&#8221; btn_align=&#8221;center&#8221; btn_link=&#8221;url:https%3A%2F%2Fmoldan.md%2Fcatalogul-minfound-medical-systems%2F%3Flang%3Dro&#8221;]<a href=\"https:\/\/moldan.md\/catalogul-minfound-medical-systems\/?lang=ro\"><img decoding=\"async\" class=\"alignnone wp-image-3029 size-medium\" src=\"https:\/\/moldan.md\/wp-content\/uploads\/2021\/08\/photo_2021-07-31_11-22-10-217x300.jpg\" alt=\"\" width=\"217\" height=\"300\" \/><\/a>[\/vc_cta][\/vc_column][vc_column width=&#8221;1\/3&#8243;][vc_cta h2=&#8221;Catalogul Direct-X Medical&#8221; txt_align=&#8221;center&#8221; add_button=&#8221;bottom&#8221; btn_title=&#8221;Vezi catalog&#8221; btn_style=&#8221;flat&#8221; btn_color=&#8221;primary&#8221; btn_align=&#8221;center&#8221; btn_link=&#8221;url:https%3A%2F%2Fmoldan.md%2Fcatalogul-direct-x-medical%2F%3Flang%3Dro&#8221;]<a href=\"https:\/\/moldan.md\/catalogul-direct-x-medical\/?lang=ro\"><img decoding=\"async\" class=\"alignnone wp-image-3026 size-medium\" src=\"https:\/\/moldan.md\/wp-content\/uploads\/2021\/08\/1-218x300.png\" alt=\"\" width=\"218\" height=\"300\" \/><\/a>[\/vc_cta][\/vc_column][\/vc_row]<\/p>\n<\/div>","protected":false},"excerpt":{"rendered":"<p>[vc_row][vc_column][vc_column_text]Stimate Doamne \u0219i Domni, Suntem bucuro\u0219i sa Va prezentam cea de-a doua edi\u021bie a Catalogului Medicului.\u00a0 Compania noastra a fost \u00eefiintata in 1992 \u0219i to\u021bi ace\u0219ti ani am activat pe pia\u021ba tehnico-medicala din Republica Moldova, stabilind rela\u021bii bune cu produc\u0103torii de echipamente \u0219i materiale medicale din \u00eentreaga lume, precum \u0219i cu institu\u021biile medicale publice \u0219i [&hellip;]<\/p>\n","protected":false},"author":4,"featured_media":0,"parent":0,"menu_order":0,"comment_status":"closed","ping_status":"closed","template":"","meta":{"footnotes":""},"class_list":["post-2766","page","type-page","status-publish","hentry"],"_links":{"self":[{"href":"https:\/\/moldan.md\/ro\/wp-json\/wp\/v2\/pages\/2766","targetHints":{"allow":["GET"]}}],"collection":[{"href":"https:\/\/moldan.md\/ro\/wp-json\/wp\/v2\/pages"}],"about":[{"href":"https:\/\/moldan.md\/ro\/wp-json\/wp\/v2\/types\/page"}],"author":[{"embeddable":true,"href":"https:\/\/moldan.md\/ro\/wp-json\/wp\/v2\/users\/4"}],"replies":[{"embeddable":true,"href":"https:\/\/moldan.md\/ro\/wp-json\/wp\/v2\/comments?post=2766"}],"version-history":[{"count":0,"href":"https:\/\/moldan.md\/ro\/wp-json\/wp\/v2\/pages\/2766\/revisions"}],"wp:attachment":[{"href":"https:\/\/moldan.md\/ro\/wp-json\/wp\/v2\/media?parent=2766"}],"curies":[{"name":"wp","href":"https:\/\/api.w.org\/{rel}","templated":true}]}}